{"id":7,"date":"2020-10-15T18:09:07","date_gmt":"2020-10-15T21:09:07","guid":{"rendered":"http:\/\/cabanasaltobiobio.cl\/?page_id=7"},"modified":"2020-10-17T14:35:29","modified_gmt":"2020-10-17T17:35:29","slug":"nosotros","status":"publish","type":"page","link":"https:\/\/cabanasaltobiobio.cl\/index.php\/nosotros\/","title":{"rendered":"NOSOTROS"},"content":{"rendered":"\t\t<div data-elementor-type=\"wp-page\" data-elementor-id=\"7\" class=\"elementor elementor-7\" data-elementor-settings=\"[]\">\n\t\t\t\t\t\t<div class=\"elementor-inner\">\n\t\t\t\t\t\t\t<div class=\"elementor-section-wrap\">\n\t\t\t\t\t\t\t<section class=\"elementor-section elementor-top-section elementor-element elementor-element-96846f8 elementor-section-boxed ang-section-padding-initial elementor-section-height-default elementor-section-height-default\" data-id=\"96846f8\" data-element_type=\"section\">\n\t\t\t\t\t\t<div class=\"elementor-container elementor-column-gap-default\">\n\t\t\t\t\t\t\t<div class=\"elementor-row\">\n\t\t\t\t\t<div class=\"elementor-column elementor-col-100 elementor-top-column elementor-element elementor-element-ebef5a7\" data-id=\"ebef5a7\" data-element_type=\"column\" data-settings=\"{&quot;background_background&quot;:&quot;classic&quot;}\">\n\t\t\t<div class=\"elementor-column-wrap\">\n\t\t\t\t\t\t\t<div class=\"elementor-widget-wrap\">\n\t\t\t\t\t\t\t\t<\/div>\n\t\t\t\t\t<\/div>\n\t\t<\/div>\n\t\t\t\t\t\t\t\t<\/div>\n\t\t\t\t\t<\/div>\n\t\t<\/section>\n\t\t\t\t<section class=\"elementor-section elementor-top-section elementor-element elementor-element-49c81ac elementor-section-boxed ang-section-padding-initial elementor-section-height-default elementor-section-height-default\" data-id=\"49c81ac\" data-element_type=\"section\" data-settings=\"{&quot;background_background&quot;:&quot;classic&quot;}\">\n\t\t\t\t\t\t\t<div class=\"elementor-background-overlay\"><\/div>\n\t\t\t\t\t\t\t<div class=\"elementor-container elementor-column-gap-default\">\n\t\t\t\t\t\t\t<div class=\"elementor-row\">\n\t\t\t\t\t<div class=\"elementor-column elementor-col-100 elementor-top-column elementor-element elementor-element-e44bbfa\" data-id=\"e44bbfa\" data-element_type=\"column\">\n\t\t\t<div class=\"elementor-column-wrap elementor-element-populated\">\n\t\t\t\t\t\t\t<div class=\"elementor-widget-wrap\">\n\t\t\t\t\t\t<div class=\"elementor-element elementor-element-af1e837 elementor-widget elementor-widget-spacer\" data-id=\"af1e837\" data-element_type=\"widget\" data-widget_type=\"spacer.default\">\n\t\t\t\t<div class=\"elementor-widget-container\">\n\t\t\t\t\t<div class=\"elementor-spacer\">\n\t\t\t<div class=\"elementor-spacer-inner\"><\/div>\n\t\t<\/div>\n\t\t\t\t<\/div>\n\t\t\t\t<\/div>\n\t\t\t\t\t\t<\/div>\n\t\t\t\t\t<\/div>\n\t\t<\/div>\n\t\t\t\t\t\t\t\t<\/div>\n\t\t\t\t\t<\/div>\n\t\t<\/section>\n\t\t\t\t<section class=\"elementor-section elementor-top-section elementor-element elementor-element-1d8c970 elementor-section-boxed ang-section-padding-initial elementor-section-height-default elementor-section-height-default\" data-id=\"1d8c970\" data-element_type=\"section\" data-settings=\"{&quot;background_background&quot;:&quot;classic&quot;}\">\n\t\t\t\t\t\t<div class=\"elementor-container elementor-column-gap-default\">\n\t\t\t\t\t\t\t<div class=\"elementor-row\">\n\t\t\t\t\t<div class=\"elementor-column elementor-col-100 elementor-top-column elementor-element elementor-element-5b76239\" data-id=\"5b76239\" data-element_type=\"column\">\n\t\t\t<div class=\"elementor-column-wrap elementor-element-populated\">\n\t\t\t\t\t\t\t<div class=\"elementor-widget-wrap\">\n\t\t\t\t\t\t<div class=\"elementor-element elementor-element-8037c58 elementor-widget elementor-widget-heading\" data-id=\"8037c58\" data-element_type=\"widget\" data-widget_type=\"heading.default\">\n\t\t\t\t<div class=\"elementor-widget-container\">\n\t\t\t<h2 class=\"elementor-heading-title elementor-size-default\">tu lugar de descanso<\/h2>\t\t<\/div>\n\t\t\t\t<\/div>\n\t\t\t\t<div class=\"elementor-element elementor-element-b384da4 elementor-widget elementor-widget-premium-addon-dual-header\" data-id=\"b384da4\" data-element_type=\"widget\" data-widget_type=\"premium-addon-dual-header.default\">\n\t\t\t\t<div class=\"elementor-widget-container\">\n\t\t\t    \n    <div class=\"premium-dual-header-container\">\n                    <div class=\"premium-dual-header-first-container\">\n                <h2 class=\"premium-dual-header-first-header \"><span class=\"premium-dual-header-first-span\">CABA\u00d1AS  <\/span><span class=\"premium-dual-header-second-header \">ALTO B\u00cdO-B\u00cdO<\/span><\/h2>             <\/div>\n            <\/div>\n\n    \t\t<\/div>\n\t\t\t\t<\/div>\n\t\t\t\t<div class=\"elementor-element elementor-element-8d521e6 elementor-widget elementor-widget-text-editor\" data-id=\"8d521e6\" data-element_type=\"widget\" data-widget_type=\"text-editor.default\">\n\t\t\t\t<div class=\"elementor-widget-container\">\n\t\t\t\t\t<div class=\"elementor-text-editor elementor-clearfix\"><p>Caba\u00f1as Alto B\u00edo-B\u00edo es un centro recreativo y de descanso familiar con m\u00e1s de 20 a\u00f1os al servicio del turista chileno y extranjero, ubicado en el coraz\u00f3n de la comuna del Alto B\u00edo-B\u00edo. Un entorno rodeado de cordones monta\u00f1osos y cuencas de los r\u00edos B\u00edo-B\u00edo, Queuco y Pangue, adem\u00e1s de la imponente vista del volc\u00e1n Callaqui.<\/p><\/div>\n\t\t\t\t<\/div>\n\t\t\t\t<\/div>\n\t\t\t\t<section class=\"elementor-section elementor-inner-section elementor-element elementor-element-499ef0f elementor-section-boxed ang-section-padding-initial elementor-section-height-default elementor-section-height-default\" data-id=\"499ef0f\" data-element_type=\"section\">\n\t\t\t\t\t\t<div class=\"elementor-container elementor-column-gap-default\">\n\t\t\t\t\t\t\t<div class=\"elementor-row\">\n\t\t\t\t\t<div class=\"elementor-column elementor-col-50 elementor-inner-column elementor-element elementor-element-f77bc61\" data-id=\"f77bc61\" data-element_type=\"column\">\n\t\t\t<div class=\"elementor-column-wrap elementor-element-populated\">\n\t\t\t\t\t\t\t<div class=\"elementor-widget-wrap\">\n\t\t\t\t\t\t<div class=\"elementor-element elementor-element-f865a3a elementor-widget elementor-widget-heading\" data-id=\"f865a3a\" data-element_type=\"widget\" data-widget_type=\"heading.default\">\n\t\t\t\t<div class=\"elementor-widget-container\">\n\t\t\t<h2 class=\"elementor-heading-title elementor-size-default\">VISI\u00d3N<\/h2>\t\t<\/div>\n\t\t\t\t<\/div>\n\t\t\t\t<div class=\"elementor-element elementor-element-0144eaf elementor-widget elementor-widget-text-editor\" data-id=\"0144eaf\" data-element_type=\"widget\" data-widget_type=\"text-editor.default\">\n\t\t\t\t<div class=\"elementor-widget-container\">\n\t\t\t\t\t<div class=\"elementor-text-editor elementor-clearfix\"><p>Queremos ser reconocidos por la excelencia de nuestro servicio, adem\u00e1s de nuestro af\u00e1n por satisfacer y brindar soluciones al cliente cuando lo necesita. Ir siempre un paso adelante de la competencia mediante la innovaci\u00f3n e incorporaci\u00f3n de nuevos servicios.<\/p><\/div>\n\t\t\t\t<\/div>\n\t\t\t\t<\/div>\n\t\t\t\t\t\t<\/div>\n\t\t\t\t\t<\/div>\n\t\t<\/div>\n\t\t\t\t<div class=\"elementor-column elementor-col-50 elementor-inner-column elementor-element elementor-element-60acd4f\" data-id=\"60acd4f\" data-element_type=\"column\">\n\t\t\t<div class=\"elementor-column-wrap elementor-element-populated\">\n\t\t\t\t\t\t\t<div class=\"elementor-widget-wrap\">\n\t\t\t\t\t\t<div class=\"elementor-element elementor-element-27efc6d elementor-widget elementor-widget-heading\" data-id=\"27efc6d\" data-element_type=\"widget\" data-widget_type=\"heading.default\">\n\t\t\t\t<div class=\"elementor-widget-container\">\n\t\t\t<h2 class=\"elementor-heading-title elementor-size-default\">MISI\u00d3N<\/h2>\t\t<\/div>\n\t\t\t\t<\/div>\n\t\t\t\t<div class=\"elementor-element elementor-element-4bda6d5 elementor-widget elementor-widget-text-editor\" data-id=\"4bda6d5\" data-element_type=\"widget\" data-widget_type=\"text-editor.default\">\n\t\t\t\t<div class=\"elementor-widget-container\">\n\t\t\t\t\t<div class=\"elementor-text-editor elementor-clearfix\"><p>Entregar un servicio de hoteler\u00eda integral, de calidad y personalizado a todos nuestros hu\u00e9spedes y clientes, haciendo de la excelencia nuestra carta de presentaci\u00f3n, para as\u00ed llegar a ser la mejor oferta de caba\u00f1as dentro del mercado y lugar en el cual estamos emplazados.<\/p><\/div>\n\t\t\t\t<\/div>\n\t\t\t\t<\/div>\n\t\t\t\t\t\t<\/div>\n\t\t\t\t\t<\/div>\n\t\t<\/div>\n\t\t\t\t\t\t\t\t<\/div>\n\t\t\t\t\t<\/div>\n\t\t<\/section>\n\t\t\t\t\t\t<\/div>\n\t\t\t\t\t<\/div>\n\t\t<\/div>\n\t\t\t\t\t\t\t\t<\/div>\n\t\t\t\t\t<\/div>\n\t\t<\/section>\n\t\t\t\t<section class=\"elementor-section elementor-top-section elementor-element elementor-element-03dd50c elementor-section-boxed ang-section-padding-initial elementor-section-height-default elementor-section-height-default\" data-id=\"03dd50c\" data-element_type=\"section\">\n\t\t\t\t\t\t<div class=\"elementor-container elementor-column-gap-default\">\n\t\t\t\t\t\t\t<div class=\"elementor-row\">\n\t\t\t\t\t<div class=\"elementor-column elementor-col-33 elementor-top-column elementor-element elementor-element-3ba45df\" data-id=\"3ba45df\" data-element_type=\"column\">\n\t\t\t<div class=\"elementor-column-wrap elementor-element-populated\">\n\t\t\t\t\t\t\t<div class=\"elementor-widget-wrap\">\n\t\t\t\t\t\t<div class=\"elementor-element elementor-element-5baab42 elementor-widget elementor-widget-image\" data-id=\"5baab42\" data-element_type=\"widget\" data-widget_type=\"image.default\">\n\t\t\t\t<div class=\"elementor-widget-container\">\n\t\t\t\t\t<div class=\"elementor-image\">\n\t\t\t\t\t\t\t\t\t\t<img width=\"301\" height=\"161\" src=\"https:\/\/cabanasaltobiobio.cl\/wp-content\/uploads\/2020\/10\/nosotros1.jpg\" class=\"attachment-large size-large\" alt=\"\" loading=\"lazy\" \/>\t\t\t\t\t\t\t\t\t\t\t<\/div>\n\t\t\t\t<\/div>\n\t\t\t\t<\/div>\n\t\t\t\t\t\t<\/div>\n\t\t\t\t\t<\/div>\n\t\t<\/div>\n\t\t\t\t<div class=\"elementor-column elementor-col-33 elementor-top-column elementor-element elementor-element-0719a47\" data-id=\"0719a47\" data-element_type=\"column\">\n\t\t\t<div class=\"elementor-column-wrap elementor-element-populated\">\n\t\t\t\t\t\t\t<div class=\"elementor-widget-wrap\">\n\t\t\t\t\t\t<div class=\"elementor-element elementor-element-3533cf4 elementor-widget elementor-widget-image\" data-id=\"3533cf4\" data-element_type=\"widget\" data-widget_type=\"image.default\">\n\t\t\t\t<div class=\"elementor-widget-container\">\n\t\t\t\t\t<div class=\"elementor-image\">\n\t\t\t\t\t\t\t\t\t\t<img width=\"306\" height=\"161\" src=\"https:\/\/cabanasaltobiobio.cl\/wp-content\/uploads\/2020\/10\/nosotros2.jpg\" class=\"attachment-large size-large\" alt=\"\" loading=\"lazy\" srcset=\"https:\/\/cabanasaltobiobio.cl\/wp-content\/uploads\/2020\/10\/nosotros2.jpg 306w, https:\/\/cabanasaltobiobio.cl\/wp-content\/uploads\/2020\/10\/nosotros2-300x158.jpg 300w\" sizes=\"(max-width: 306px) 100vw, 306px\" \/>\t\t\t\t\t\t\t\t\t\t\t<\/div>\n\t\t\t\t<\/div>\n\t\t\t\t<\/div>\n\t\t\t\t\t\t<\/div>\n\t\t\t\t\t<\/div>\n\t\t<\/div>\n\t\t\t\t<div class=\"elementor-column elementor-col-33 elementor-top-column elementor-element elementor-element-4c4d76e\" data-id=\"4c4d76e\" data-element_type=\"column\">\n\t\t\t<div class=\"elementor-column-wrap elementor-element-populated\">\n\t\t\t\t\t\t\t<div class=\"elementor-widget-wrap\">\n\t\t\t\t\t\t<div class=\"elementor-element elementor-element-8a6a20b elementor-widget elementor-widget-image\" data-id=\"8a6a20b\" data-element_type=\"widget\" data-widget_type=\"image.default\">\n\t\t\t\t<div class=\"elementor-widget-container\">\n\t\t\t\t\t<div class=\"elementor-image\">\n\t\t\t\t\t\t\t\t\t\t<img width=\"302\" height=\"161\" src=\"https:\/\/cabanasaltobiobio.cl\/wp-content\/uploads\/2020\/10\/nosotros3.jpg\" class=\"attachment-large size-large\" alt=\"\" loading=\"lazy\" srcset=\"https:\/\/cabanasaltobiobio.cl\/wp-content\/uploads\/2020\/10\/nosotros3.jpg 302w, https:\/\/cabanasaltobiobio.cl\/wp-content\/uploads\/2020\/10\/nosotros3-300x160.jpg 300w\" sizes=\"(max-width: 302px) 100vw, 302px\" \/>\t\t\t\t\t\t\t\t\t\t\t<\/div>\n\t\t\t\t<\/div>\n\t\t\t\t<\/div>\n\t\t\t\t\t\t<\/div>\n\t\t\t\t\t<\/div>\n\t\t<\/div>\n\t\t\t\t\t\t\t\t<\/div>\n\t\t\t\t\t<\/div>\n\t\t<\/section>\n\t\t\t\t\t\t<\/div>\n\t\t\t\t\t\t<\/div>\n\t\t\t\t\t<\/div>\n\t\t","protected":false},"excerpt":{"rendered":"<p>tu lugar de descanso CABA\u00d1AS ALTO B\u00cdO-B\u00cdO Caba\u00f1as Alto B\u00edo-B\u00edo es un centro recreativo y de descanso familiar con m\u00e1s de 20 a\u00f1os al servicio del turista chileno y extranjero, ubicado en el coraz\u00f3n de la comuna del Alto B\u00edo-B\u00edo. Un entorno rodeado de cordones monta\u00f1osos y cuencas de los r\u00edos B\u00edo-B\u00edo, Queuco y Pangue, &hellip;<\/p>\n<p class=\"read-more\"> <a class=\"\" href=\"https:\/\/cabanasaltobiobio.cl\/index.php\/nosotros\/\"> <span class=\"screen-reader-text\">NOSOTROS<\/span> Read More &raquo;<\/a><\/p>\n","protected":false},"author":1,"featured_media":0,"parent":0,"menu_order":0,"comment_status":"closed","ping_status":"closed","template":"","meta":[],"yoast_head":"<!-- This site is optimized with the Yoast SEO plugin v15.2 - https:\/\/yoast.com\/wordpress\/plugins\/seo\/ -->\n<title>NOSOTROS - cabanasaltobiobio<\/title>\n<meta name=\"robots\" content=\"index, follow, max-snippet:-1, max-image-preview:large, max-video-preview:-1\" \/>\n<link rel=\"canonical\" href=\"http:\/\/cabanasaltobiobio.cl\/index.php\/nosotros\/\" \/>\n<meta property=\"og:locale\" content=\"es_ES\" \/>\n<meta property=\"og:type\" content=\"article\" \/>\n<meta property=\"og:title\" content=\"NOSOTROS - cabanasaltobiobio\" \/>\n<meta property=\"og:description\" content=\"tu lugar de descanso CABA\u00d1AS ALTO B\u00cdO-B\u00cdO Caba\u00f1as Alto B\u00edo-B\u00edo es un centro recreativo y de descanso familiar con m\u00e1s de 20 a\u00f1os al servicio del turista chileno y extranjero, ubicado en el coraz\u00f3n de la comuna del Alto B\u00edo-B\u00edo. Un entorno rodeado de cordones monta\u00f1osos y cuencas de los r\u00edos B\u00edo-B\u00edo, Queuco y Pangue, &hellip; NOSOTROS Read More &raquo;\" \/>\n<meta property=\"og:url\" content=\"http:\/\/cabanasaltobiobio.cl\/index.php\/nosotros\/\" \/>\n<meta property=\"og:site_name\" content=\"cabanasaltobiobio\" \/>\n<meta property=\"article:modified_time\" content=\"2020-10-17T17:35:29+00:00\" \/>\n<meta property=\"og:image\" content=\"http:\/\/cabanasaltobiobio.cl\/wp-content\/uploads\/2020\/10\/nosotros1.jpg\" \/>\n<meta name=\"twitter:card\" content=\"summary_large_image\" \/>\n<meta name=\"twitter:label1\" value=\"Written by\">\n\t<meta name=\"twitter:data1\" value=\"admin\">\n\t<meta name=\"twitter:label2\" value=\"Est. reading time\">\n\t<meta name=\"twitter:data2\" value=\"1 minuto\">\n<script type=\"application\/ld+json\" class=\"yoast-schema-graph\">{\"@context\":\"https:\/\/schema.org\",\"@graph\":[{\"@type\":\"Organization\",\"@id\":\"https:\/\/cabanasaltobiobio.cl\/#organization\",\"name\":\"caba\\u00f1asdelaltobiobio\",\"url\":\"https:\/\/cabanasaltobiobio.cl\/\",\"sameAs\":[],\"logo\":{\"@type\":\"ImageObject\",\"@id\":\"https:\/\/cabanasaltobiobio.cl\/#logo\",\"inLanguage\":\"es-CL\",\"url\":\"https:\/\/cabanasaltobiobio.cl\/wp-content\/uploads\/2020\/10\/logo.png\",\"width\":199,\"height\":188,\"caption\":\"caba\\u00f1asdelaltobiobio\"},\"image\":{\"@id\":\"https:\/\/cabanasaltobiobio.cl\/#logo\"}},{\"@type\":\"WebSite\",\"@id\":\"https:\/\/cabanasaltobiobio.cl\/#website\",\"url\":\"https:\/\/cabanasaltobiobio.cl\/\",\"name\":\"cabanasaltobiobio\",\"description\":\"Caba\\u00f1as Alto Bio-Bio\",\"publisher\":{\"@id\":\"https:\/\/cabanasaltobiobio.cl\/#organization\"},\"potentialAction\":[{\"@type\":\"SearchAction\",\"target\":\"https:\/\/cabanasaltobiobio.cl\/?s={search_term_string}\",\"query-input\":\"required name=search_term_string\"}],\"inLanguage\":\"es-CL\"},{\"@type\":\"ImageObject\",\"@id\":\"http:\/\/cabanasaltobiobio.cl\/index.php\/nosotros\/#primaryimage\",\"inLanguage\":\"es-CL\",\"url\":\"http:\/\/cabanasaltobiobio.cl\/wp-content\/uploads\/2020\/10\/nosotros1.jpg\"},{\"@type\":\"WebPage\",\"@id\":\"http:\/\/cabanasaltobiobio.cl\/index.php\/nosotros\/#webpage\",\"url\":\"http:\/\/cabanasaltobiobio.cl\/index.php\/nosotros\/\",\"name\":\"NOSOTROS - cabanasaltobiobio\",\"isPartOf\":{\"@id\":\"https:\/\/cabanasaltobiobio.cl\/#website\"},\"primaryImageOfPage\":{\"@id\":\"http:\/\/cabanasaltobiobio.cl\/index.php\/nosotros\/#primaryimage\"},\"datePublished\":\"2020-10-15T21:09:07+00:00\",\"dateModified\":\"2020-10-17T17:35:29+00:00\",\"inLanguage\":\"es-CL\",\"potentialAction\":[{\"@type\":\"ReadAction\",\"target\":[\"http:\/\/cabanasaltobiobio.cl\/index.php\/nosotros\/\"]}]}]}<\/script>\n<!-- \/ Yoast SEO plugin. -->","_links":{"self":[{"href":"https:\/\/cabanasaltobiobio.cl\/index.php\/wp-json\/wp\/v2\/pages\/7"}],"collection":[{"href":"https:\/\/cabanasaltobiobio.cl\/index.php\/wp-json\/wp\/v2\/pages"}],"about":[{"href":"https:\/\/cabanasaltobiobio.cl\/index.php\/wp-json\/wp\/v2\/types\/page"}],"author":[{"embeddable":true,"href":"https:\/\/cabanasaltobiobio.cl\/index.php\/wp-json\/wp\/v2\/users\/1"}],"replies":[{"embeddable":true,"href":"https:\/\/cabanasaltobiobio.cl\/index.php\/wp-json\/wp\/v2\/comments?post=7"}],"version-history":[{"count":11,"href":"https:\/\/cabanasaltobiobio.cl\/index.php\/wp-json\/wp\/v2\/pages\/7\/revisions"}],"predecessor-version":[{"id":193,"href":"https:\/\/cabanasaltobiobio.cl\/index.php\/wp-json\/wp\/v2\/pages\/7\/revisions\/193"}],"wp:attachment":[{"href":"https:\/\/cabanasaltobiobio.cl\/index.php\/wp-json\/wp\/v2\/media?parent=7"}],"curies":[{"name":"wp","href":"https:\/\/api.w.org\/{rel}","templated":true}]}}