{"id":11,"date":"2020-10-15T18:10:34","date_gmt":"2020-10-15T21:10:34","guid":{"rendered":"http:\/\/cabanasaltobiobio.cl\/?page_id=11"},"modified":"2022-12-30T08:01:49","modified_gmt":"2022-12-30T11:01:49","slug":"cabanas","status":"publish","type":"page","link":"https:\/\/cabanasaltobiobio.cl\/index.php\/cabanas\/","title":{"rendered":"CABA\u00d1AS"},"content":{"rendered":"\t\t<div data-elementor-type=\"wp-page\" data-elementor-id=\"11\" class=\"elementor elementor-11\" data-elementor-settings=\"[]\">\n\t\t\t\t\t\t<div class=\"elementor-inner\">\n\t\t\t\t\t\t\t<div class=\"elementor-section-wrap\">\n\t\t\t\t\t\t\t<section class=\"elementor-section elementor-top-section elementor-element elementor-element-7149cf7 elementor-section-boxed ang-section-padding-initial elementor-section-height-default elementor-section-height-default\" data-id=\"7149cf7\" data-element_type=\"section\">\n\t\t\t\t\t\t<div class=\"elementor-container elementor-column-gap-default\">\n\t\t\t\t\t\t\t<div class=\"elementor-row\">\n\t\t\t\t\t<div class=\"elementor-column elementor-col-100 elementor-top-column elementor-element elementor-element-84017fa\" data-id=\"84017fa\" data-element_type=\"column\">\n\t\t\t<div class=\"elementor-column-wrap\">\n\t\t\t\t\t\t\t<div class=\"elementor-widget-wrap\">\n\t\t\t\t\t\t\t\t<\/div>\n\t\t\t\t\t<\/div>\n\t\t<\/div>\n\t\t\t\t\t\t\t\t<\/div>\n\t\t\t\t\t<\/div>\n\t\t<\/section>\n\t\t\t\t<section class=\"elementor-section elementor-top-section elementor-element elementor-element-b5069e8 elementor-section-full_width ang-section-padding-initial elementor-section-height-default elementor-section-height-default\" data-id=\"b5069e8\" data-element_type=\"section\" data-settings=\"{&quot;background_background&quot;:&quot;classic&quot;}\">\n\t\t\t\t\t\t\t<div class=\"elementor-background-overlay\"><\/div>\n\t\t\t\t\t\t\t<div class=\"elementor-container elementor-column-gap-no\">\n\t\t\t\t\t\t\t<div class=\"elementor-row\">\n\t\t\t\t\t<div class=\"elementor-column elementor-col-100 elementor-top-column elementor-element elementor-element-ff93039\" data-id=\"ff93039\" data-element_type=\"column\">\n\t\t\t<div class=\"elementor-column-wrap\">\n\t\t\t\t\t\t\t<div class=\"elementor-widget-wrap\">\n\t\t\t\t\t\t\t\t<\/div>\n\t\t\t\t\t<\/div>\n\t\t<\/div>\n\t\t\t\t\t\t\t\t<\/div>\n\t\t\t\t\t<\/div>\n\t\t<\/section>\n\t\t\t\t<section class=\"elementor-section elementor-top-section elementor-element elementor-element-7a27ff4 elementor-section-boxed ang-section-padding-initial elementor-section-height-default elementor-section-height-default\" data-id=\"7a27ff4\" data-element_type=\"section\" data-settings=\"{&quot;background_background&quot;:&quot;classic&quot;}\">\n\t\t\t\t\t\t\t<div class=\"elementor-background-overlay\"><\/div>\n\t\t\t\t\t\t\t<div class=\"elementor-container elementor-column-gap-default\">\n\t\t\t\t\t\t\t<div class=\"elementor-row\">\n\t\t\t\t\t<div class=\"elementor-column elementor-col-100 elementor-top-column elementor-element elementor-element-eafc8fb\" data-id=\"eafc8fb\" data-element_type=\"column\">\n\t\t\t<div class=\"elementor-column-wrap elementor-element-populated\">\n\t\t\t\t\t\t\t<div class=\"elementor-widget-wrap\">\n\t\t\t\t\t\t<div class=\"elementor-element elementor-element-f8cec51 elementor-widget elementor-widget-spacer\" data-id=\"f8cec51\" data-element_type=\"widget\" data-widget_type=\"spacer.default\">\n\t\t\t\t<div class=\"elementor-widget-container\">\n\t\t\t\t\t<div class=\"elementor-spacer\">\n\t\t\t<div class=\"elementor-spacer-inner\"><\/div>\n\t\t<\/div>\n\t\t\t\t<\/div>\n\t\t\t\t<\/div>\n\t\t\t\t\t\t<\/div>\n\t\t\t\t\t<\/div>\n\t\t<\/div>\n\t\t\t\t\t\t\t\t<\/div>\n\t\t\t\t\t<\/div>\n\t\t<\/section>\n\t\t\t\t<section class=\"elementor-section elementor-top-section elementor-element elementor-element-64985f2 elementor-section-boxed ang-section-padding-initial elementor-section-height-default elementor-section-height-default\" data-id=\"64985f2\" data-element_type=\"section\" data-settings=\"{&quot;background_background&quot;:&quot;classic&quot;}\">\n\t\t\t\t\t\t<div class=\"elementor-container elementor-column-gap-default\">\n\t\t\t\t\t\t\t<div class=\"elementor-row\">\n\t\t\t\t\t<div class=\"elementor-column elementor-col-100 elementor-top-column elementor-element elementor-element-cae0bfb\" data-id=\"cae0bfb\" data-element_type=\"column\">\n\t\t\t<div class=\"elementor-column-wrap elementor-element-populated\">\n\t\t\t\t\t\t\t<div class=\"elementor-widget-wrap\">\n\t\t\t\t\t\t<div class=\"elementor-element elementor-element-8a145c4 elementor-widget elementor-widget-heading\" data-id=\"8a145c4\" data-element_type=\"widget\" data-widget_type=\"heading.default\">\n\t\t\t\t<div class=\"elementor-widget-container\">\n\t\t\t<h2 class=\"elementor-heading-title elementor-size-default\">\u201cEl descanso familiar rodeado del sorprendente verde de las hermosas monta\u00f1as.....\u201d<\/h2>\t\t<\/div>\n\t\t\t\t<\/div>\n\t\t\t\t<div class=\"elementor-element elementor-element-eb29675 elementor-widget elementor-widget-premium-addon-dual-header\" data-id=\"eb29675\" data-element_type=\"widget\" data-widget_type=\"premium-addon-dual-header.default\">\n\t\t\t\t<div class=\"elementor-widget-container\">\n\t\t\t    \n    <div class=\"premium-dual-header-container\">\n                    <div class=\"premium-dual-header-first-container\">\n                <h2 class=\"premium-dual-header-first-header \"><span class=\"premium-dual-header-first-span\">RESERVA TU <\/span><span class=\"premium-dual-header-second-header \">CABA\u00d1A<\/span><\/h2>             <\/div>\n            <\/div>\n\n    \t\t<\/div>\n\t\t\t\t<\/div>\n\t\t\t\t<div class=\"elementor-element elementor-element-d79890d elementor-widget elementor-widget-text-editor\" data-id=\"d79890d\" data-element_type=\"widget\" data-widget_type=\"text-editor.default\">\n\t\t\t\t<div class=\"elementor-widget-container\">\n\t\t\t\t\t<div class=\"elementor-text-editor elementor-clearfix\"><div class=\"parrafo\">\n<p>Nuestras caba\u00f1as est\u00e1n debidamente equipadas para invierno y verano, tienen un estilo rustico y tradicional, cuentan con la capacidad de albergar hasta 5 personas por caba\u00f1as y quienes se hospeden en ella tendr\u00e1n acceso libre para utilizar el quincho, \u00e1reas de juego y piscina.<\/p>\n<p>Ofrecemos precios especiales a empresas y familias por estad\u00edas largas.<\/p>\n<\/div><\/div>\n\t\t\t\t<\/div>\n\t\t\t\t<\/div>\n\t\t\t\t<div class=\"elementor-element elementor-element-75833b9 elementor-widget-divider--view-line elementor-widget elementor-widget-divider\" data-id=\"75833b9\" data-element_type=\"widget\" data-widget_type=\"divider.default\">\n\t\t\t\t<div class=\"elementor-widget-container\">\n\t\t\t\t\t<div class=\"elementor-divider\">\n\t\t\t<span class=\"elementor-divider-separator\">\n\t\t\t\t\t\t<\/span>\n\t\t<\/div>\n\t\t\t\t<\/div>\n\t\t\t\t<\/div>\n\t\t\t\t<div class=\"elementor-element elementor-element-94da368 elementor-widget elementor-widget-heading\" data-id=\"94da368\" data-element_type=\"widget\" data-widget_type=\"heading.default\">\n\t\t\t\t<div class=\"elementor-widget-container\">\n\t\t\t<h2 class=\"elementor-heading-title elementor-size-default\">NUESTRAS TARIFAS<\/h2>\t\t<\/div>\n\t\t\t\t<\/div>\n\t\t\t\t\t\t<\/div>\n\t\t\t\t\t<\/div>\n\t\t<\/div>\n\t\t\t\t\t\t\t\t<\/div>\n\t\t\t\t\t<\/div>\n\t\t<\/section>\n\t\t\t\t<section class=\"elementor-section elementor-top-section elementor-element elementor-element-4cc2e99 elementor-section-boxed ang-section-padding-initial elementor-section-height-default elementor-section-height-default\" data-id=\"4cc2e99\" data-element_type=\"section\">\n\t\t\t\t\t\t<div class=\"elementor-container elementor-column-gap-default\">\n\t\t\t\t\t\t\t<div class=\"elementor-row\">\n\t\t\t\t\t<div class=\"elementor-column elementor-col-50 elementor-top-column elementor-element elementor-element-6631a1b\" data-id=\"6631a1b\" data-element_type=\"column\">\n\t\t\t<div class=\"elementor-column-wrap elementor-element-populated\">\n\t\t\t\t\t\t\t<div class=\"elementor-widget-wrap\">\n\t\t\t\t\t\t<div class=\"elementor-element elementor-element-69d7c22 elementor-widget elementor-widget-text-editor\" data-id=\"69d7c22\" data-element_type=\"widget\" data-widget_type=\"text-editor.default\">\n\t\t\t\t<div class=\"elementor-widget-container\">\n\t\t\t\t\t<div class=\"elementor-text-editor elementor-clearfix\"><table><tbody><tr><th style=\"text-align: center;\" colspan=\"3\">Tarifa de Invierno<\/th><\/tr><tr><td>Caba\u00f1a<\/td><td>Personas 1<\/td><td>$25.000<\/td><\/tr><tr><td>Caba\u00f1a<\/td><td>Personas 2<\/td><td>$40.000<\/td><\/tr><tr><td>Caba\u00f1a<\/td><td>Personas 3<\/td><td>$45.000<\/td><\/tr><tr><td>Caba\u00f1a<\/td><td>Personas 4<\/td><td>$50.000<\/td><\/tr><tr><td>Caba\u00f1a<\/td><td>Personas 5<\/td><td>$60.000<\/td><\/tr><\/tbody><\/table><\/div>\n\t\t\t\t<\/div>\n\t\t\t\t<\/div>\n\t\t\t\t\t\t<\/div>\n\t\t\t\t\t<\/div>\n\t\t<\/div>\n\t\t\t\t<div class=\"elementor-column elementor-col-50 elementor-top-column elementor-element elementor-element-a47bcf1\" data-id=\"a47bcf1\" data-element_type=\"column\">\n\t\t\t<div class=\"elementor-column-wrap elementor-element-populated\">\n\t\t\t\t\t\t\t<div class=\"elementor-widget-wrap\">\n\t\t\t\t\t\t<div class=\"elementor-element elementor-element-119afb3 elementor-widget elementor-widget-text-editor\" data-id=\"119afb3\" data-element_type=\"widget\" data-widget_type=\"text-editor.default\">\n\t\t\t\t<div class=\"elementor-widget-container\">\n\t\t\t\t\t<div class=\"elementor-text-editor elementor-clearfix\"><table><tbody><tr><th style=\"text-align: center;\" colspan=\"3\">Tarifa de Verano<\/th><\/tr><tr><td>Caba\u00f1a<\/td><td>Personas 1<\/td><td>$25.000<\/td><\/tr><tr><td>Caba\u00f1a<\/td><td>Personas 2<\/td><td>$50.000<\/td><\/tr><tr><td>Caba\u00f1a<\/td><td>Personas 3<\/td><td>$60.000<\/td><\/tr><tr><td>Caba\u00f1a<\/td><td>Personas 4<\/td><td>$70.000<\/td><\/tr><tr><td>Caba\u00f1a<\/td><td>Personas 5<\/td><td>$80.000<\/td><\/tr><\/tbody><\/table><\/div>\n\t\t\t\t<\/div>\n\t\t\t\t<\/div>\n\t\t\t\t\t\t<\/div>\n\t\t\t\t\t<\/div>\n\t\t<\/div>\n\t\t\t\t\t\t\t\t<\/div>\n\t\t\t\t\t<\/div>\n\t\t<\/section>\n\t\t\t\t<section class=\"elementor-section elementor-top-section elementor-element elementor-element-fdea1d7 elementor-section-boxed ang-section-padding-initial elementor-section-height-default elementor-section-height-default\" data-id=\"fdea1d7\" data-element_type=\"section\" data-settings=\"{&quot;background_background&quot;:&quot;classic&quot;}\">\n\t\t\t\t\t\t\t<div class=\"elementor-background-overlay\"><\/div>\n\t\t\t\t\t\t\t<div class=\"elementor-container elementor-column-gap-default\">\n\t\t\t\t\t\t\t<div class=\"elementor-row\">\n\t\t\t\t\t<div class=\"elementor-column elementor-col-100 elementor-top-column elementor-element elementor-element-5d37a7e\" data-id=\"5d37a7e\" data-element_type=\"column\">\n\t\t\t<div class=\"elementor-column-wrap elementor-element-populated\">\n\t\t\t\t\t\t\t<div class=\"elementor-widget-wrap\">\n\t\t\t\t\t\t<div class=\"elementor-element elementor-element-d7976a8 elementor-widget elementor-widget-heading\" data-id=\"d7976a8\" data-element_type=\"widget\" data-widget_type=\"heading.default\">\n\t\t\t\t<div class=\"elementor-widget-container\">\n\t\t\t<h2 class=\"elementor-heading-title elementor-size-default\">Caba\u00f1as Alto Bio Bio, es el lugar ideal para hospedarse en el sector, es el punto de partida para conocer el maravilloso entorno natural que nos rodea.<\/h2>\t\t<\/div>\n\t\t\t\t<\/div>\n\t\t\t\t\t\t<\/div>\n\t\t\t\t\t<\/div>\n\t\t<\/div>\n\t\t\t\t\t\t\t\t<\/div>\n\t\t\t\t\t<\/div>\n\t\t<\/section>\n\t\t\t\t<section class=\"elementor-section elementor-top-section elementor-element elementor-element-9f75523 elementor-section-boxed ang-section-padding-initial elementor-section-height-default elementor-section-height-default\" data-id=\"9f75523\" data-element_type=\"section\">\n\t\t\t\t\t\t<div class=\"elementor-container elementor-column-gap-default\">\n\t\t\t\t\t\t\t<div class=\"elementor-row\">\n\t\t\t\t\t<div class=\"elementor-column elementor-col-100 elementor-top-column elementor-element elementor-element-f5a78af\" data-id=\"f5a78af\" data-element_type=\"column\">\n\t\t\t<div class=\"elementor-column-wrap elementor-element-populated\">\n\t\t\t\t\t\t\t<div class=\"elementor-widget-wrap\">\n\t\t\t\t\t\t<div class=\"elementor-element elementor-element-6adc150 elementor-widget elementor-widget-heading\" data-id=\"6adc150\" data-element_type=\"widget\" data-widget_type=\"heading.default\">\n\t\t\t\t<div class=\"elementor-widget-container\">\n\t\t\t<h2 class=\"elementor-heading-title elementor-size-default\">NUESTRAS TARIFAS<\/h2>\t\t<\/div>\n\t\t\t\t<\/div>\n\t\t\t\t<div class=\"elementor-element elementor-element-3ee246b elementor-widget elementor-widget-text-editor\" data-id=\"3ee246b\" data-element_type=\"widget\" data-widget_type=\"text-editor.default\">\n\t\t\t\t<div class=\"elementor-widget-container\">\n\t\t\t\t\t<div class=\"elementor-text-editor elementor-clearfix\"><p>Un d\u00eda de estad\u00eda es desde las 14:00 hrs. (Check In) hasta las 12 :00 hrs. (CheckOut) del d\u00eda siguiente.<\/p><p>Persona adicional cancela $ 15.000 c\/u.<\/p><p>Ni\u00f1os mayores de 5 a\u00f1os, tambi\u00e9n cancelan su estad\u00eda.<\/p><\/div>\n\t\t\t\t<\/div>\n\t\t\t\t<\/div>\n\t\t\t\t\t\t<\/div>\n\t\t\t\t\t<\/div>\n\t\t<\/div>\n\t\t\t\t\t\t\t\t<\/div>\n\t\t\t\t\t<\/div>\n\t\t<\/section>\n\t\t\t\t\t\t<\/div>\n\t\t\t\t\t\t<\/div>\n\t\t\t\t\t<\/div>\n\t\t","protected":false},"excerpt":{"rendered":"<p>\u201cEl descanso familiar rodeado del sorprendente verde de las hermosas monta\u00f1as&#8230;..\u201d RESERVA TU CABA\u00d1A Nuestras caba\u00f1as est\u00e1n debidamente equipadas para invierno y verano, tienen un estilo rustico y tradicional, cuentan con la capacidad de albergar hasta 5 personas por caba\u00f1as y quienes se hospeden en ella tendr\u00e1n acceso libre para utilizar el quincho, \u00e1reas de &hellip;<\/p>\n<p class=\"read-more\"> <a class=\"\" href=\"https:\/\/cabanasaltobiobio.cl\/index.php\/cabanas\/\"> <span class=\"screen-reader-text\">CABA\u00d1AS<\/span> Read More &raquo;<\/a><\/p>\n","protected":false},"author":1,"featured_media":0,"parent":0,"menu_order":0,"comment_status":"closed","ping_status":"closed","template":"","meta":[],"yoast_head":"<!-- This site is optimized with the Yoast SEO plugin v15.2 - https:\/\/yoast.com\/wordpress\/plugins\/seo\/ -->\n<title>CABA\u00d1AS - cabanasaltobiobio<\/title>\n<meta name=\"robots\" content=\"index, follow, max-snippet:-1, max-image-preview:large, max-video-preview:-1\" \/>\n<link rel=\"canonical\" href=\"https:\/\/cabanasaltobiobio.cl\/index.php\/cabanas\/\" \/>\n<meta property=\"og:locale\" content=\"es_ES\" \/>\n<meta property=\"og:type\" content=\"article\" \/>\n<meta property=\"og:title\" content=\"CABA\u00d1AS - cabanasaltobiobio\" \/>\n<meta property=\"og:description\" content=\"\u201cEl descanso familiar rodeado del sorprendente verde de las hermosas monta\u00f1as&#8230;..\u201d RESERVA TU CABA\u00d1A Nuestras caba\u00f1as est\u00e1n debidamente equipadas para invierno y verano, tienen un estilo rustico y tradicional, cuentan con la capacidad de albergar hasta 5 personas por caba\u00f1as y quienes se hospeden en ella tendr\u00e1n acceso libre para utilizar el quincho, \u00e1reas de &hellip; CABA\u00d1AS Read More &raquo;\" \/>\n<meta property=\"og:url\" content=\"https:\/\/cabanasaltobiobio.cl\/index.php\/cabanas\/\" \/>\n<meta property=\"og:site_name\" content=\"cabanasaltobiobio\" \/>\n<meta property=\"article:modified_time\" content=\"2022-12-30T11:01:49+00:00\" \/>\n<meta name=\"twitter:card\" content=\"summary_large_image\" \/>\n<meta name=\"twitter:label1\" value=\"Written by\">\n\t<meta name=\"twitter:data1\" value=\"admin\">\n\t<meta name=\"twitter:label2\" value=\"Est. reading time\">\n\t<meta name=\"twitter:data2\" value=\"1 minuto\">\n<script type=\"application\/ld+json\" class=\"yoast-schema-graph\">{\"@context\":\"https:\/\/schema.org\",\"@graph\":[{\"@type\":\"Organization\",\"@id\":\"https:\/\/cabanasaltobiobio.cl\/#organization\",\"name\":\"caba\\u00f1asdelaltobiobio\",\"url\":\"https:\/\/cabanasaltobiobio.cl\/\",\"sameAs\":[],\"logo\":{\"@type\":\"ImageObject\",\"@id\":\"https:\/\/cabanasaltobiobio.cl\/#logo\",\"inLanguage\":\"es-CL\",\"url\":\"https:\/\/cabanasaltobiobio.cl\/wp-content\/uploads\/2020\/10\/logo.png\",\"width\":199,\"height\":188,\"caption\":\"caba\\u00f1asdelaltobiobio\"},\"image\":{\"@id\":\"https:\/\/cabanasaltobiobio.cl\/#logo\"}},{\"@type\":\"WebSite\",\"@id\":\"https:\/\/cabanasaltobiobio.cl\/#website\",\"url\":\"https:\/\/cabanasaltobiobio.cl\/\",\"name\":\"cabanasaltobiobio\",\"description\":\"Caba\\u00f1as Alto Bio-Bio\",\"publisher\":{\"@id\":\"https:\/\/cabanasaltobiobio.cl\/#organization\"},\"potentialAction\":[{\"@type\":\"SearchAction\",\"target\":\"https:\/\/cabanasaltobiobio.cl\/?s={search_term_string}\",\"query-input\":\"required name=search_term_string\"}],\"inLanguage\":\"es-CL\"},{\"@type\":\"WebPage\",\"@id\":\"https:\/\/cabanasaltobiobio.cl\/index.php\/cabanas\/#webpage\",\"url\":\"https:\/\/cabanasaltobiobio.cl\/index.php\/cabanas\/\",\"name\":\"CABA\\u00d1AS - cabanasaltobiobio\",\"isPartOf\":{\"@id\":\"https:\/\/cabanasaltobiobio.cl\/#website\"},\"datePublished\":\"2020-10-15T21:10:34+00:00\",\"dateModified\":\"2022-12-30T11:01:49+00:00\",\"inLanguage\":\"es-CL\",\"potentialAction\":[{\"@type\":\"ReadAction\",\"target\":[\"https:\/\/cabanasaltobiobio.cl\/index.php\/cabanas\/\"]}]}]}<\/script>\n<!-- \/ Yoast SEO plugin. -->","_links":{"self":[{"href":"https:\/\/cabanasaltobiobio.cl\/index.php\/wp-json\/wp\/v2\/pages\/11"}],"collection":[{"href":"https:\/\/cabanasaltobiobio.cl\/index.php\/wp-json\/wp\/v2\/pages"}],"about":[{"href":"https:\/\/cabanasaltobiobio.cl\/index.php\/wp-json\/wp\/v2\/types\/page"}],"author":[{"embeddable":true,"href":"https:\/\/cabanasaltobiobio.cl\/index.php\/wp-json\/wp\/v2\/users\/1"}],"replies":[{"embeddable":true,"href":"https:\/\/cabanasaltobiobio.cl\/index.php\/wp-json\/wp\/v2\/comments?post=11"}],"version-history":[{"count":32,"href":"https:\/\/cabanasaltobiobio.cl\/index.php\/wp-json\/wp\/v2\/pages\/11\/revisions"}],"predecessor-version":[{"id":328,"href":"https:\/\/cabanasaltobiobio.cl\/index.php\/wp-json\/wp\/v2\/pages\/11\/revisions\/328"}],"wp:attachment":[{"href":"https:\/\/cabanasaltobiobio.cl\/index.php\/wp-json\/wp\/v2\/media?parent=11"}],"curies":[{"name":"wp","href":"https:\/\/api.w.org\/{rel}","templated":true}]}}